{"id":16,"date":"2025-12-15T15:16:36","date_gmt":"2025-12-15T14:16:36","guid":{"rendered":"https:\/\/www.impression-these.com\/blog\/?page_id=16"},"modified":"2026-02-02T18:11:24","modified_gmt":"2026-02-02T17:11:24","slug":"les-actualites-de-impression-these","status":"publish","type":"page","link":"https:\/\/www.impression-these.com\/blog\/","title":{"rendered":"Les actualit\u00e9s de Impression Th\u00e8se"},"content":{"rendered":"<div class=\"et_pb_section_0 et_pb_section et_section_regular et_flex_section\">\n<div class=\"et_pb_row_0 et_pb_row et_flex_row et_clickable\">\n<div class=\"et_pb_column_0 et_pb_column et-last-child et_flex_column et_pb_css_mix_blend_mode_passthrough et_flex_column_24_24 et_flex_column_24_24_tablet et_flex_column_24_24_phone\">\n<div class=\"et_pb_image_0 et_pb_image et_pb_module et_flex_module\"><span class=\"et_pb_image_wrap\"><img alt=\"\" alt=\"\" loading=\"lazy\" decoding=\"async\" src=\"https:\/\/www.impression-these.com\/blog\/wp-content\/uploads\/2025\/12\/IT-Logo-Impression-these-Actu.svg\" title=\"IT - Logo Impression-these Actu\" width=\"0\" height=\"0\" class=\"wp-image-11\" \/><\/span><\/div>\n\n<div class=\"et_pb_image_1 et_pb_image et_pb_module et_grid_module\"><span class=\"et_pb_image_wrap\"><img alt=\"\" alt=\"\" loading=\"lazy\" decoding=\"async\" src=\"https:\/\/www.impression-these.com\/blog\/wp-content\/uploads\/2026\/01\/IT-Logo-Impression-these-Actu.svg\" title=\"IT - Logo Impression-these Actu\" width=\"0\" height=\"0\" class=\"wp-image-85\" \/><\/span><\/div>\n<\/div>\n<\/div>\n\n<div class=\"et_pb_row_1 et_pb_row et_flex_row\">\n<div class=\"et_pb_column_1 et_pb_column et-last-child et_flex_column et_pb_css_mix_blend_mode_passthrough et_flex_column_24_24 et_flex_column_24_24_tablet et_flex_column_24_24_phone\">\n<div class=\"et_pb_text_0 et_pb_text et_pb_bg_layout_light et_pb_module et_flex_module\"><div class=\"et_pb_text_inner\"><h2 style=\"text-align: center;\">\u00c0 la une<\/h2>\n<\/div><\/div>\n<\/div>\n<\/div>\n\n<div class=\"et_pb_row_2 et_pb_row et_flex_row\">\n<div class=\"et_pb_column_2 et_pb_column et_flex_column et_pb_css_mix_blend_mode_passthrough et_flex_column_3_5 et_flex_column_3_5_tablet et_flex_column_24_24_phone\">\n<div class=\"et_pb_blog_0 et_pb_blog et_pb_bg_layout_light et_pb_posts et_pb_module\"><div class=\"et_pb_ajax_pagination_container\"><div class=\"et_pb_posts et_block_module\"><article class=\"et_pb_post et_pb_post_id_168 clearfix et_pb_blog_item_0_0 post-168 post type-post status-publish format-standard has-post-thumbnail hentry category-conseils\"><a href=\"https:\/\/www.impression-these.com\/blog\/pdf-a-vs-pdf-standard-depot-these\/\" class=\"entry-featured-image-url\"><img loading=\"lazy\" decoding=\"async\" src=\"https:\/\/www.impression-these.com\/blog\/wp-content\/uploads\/2026\/04\/pdf-a-these-hero.jpg\" width=\"1080\" height=\"675\" alt=\"PDF\/A vs PDF standard : le format qu&rsquo;exigent les biblioth\u00e8ques universitaires\" class=\"et_pb_post_main_image\" \/><span data-icon=\"\ue050\" class=\"et_overlay et_pb_inline_icon\"><\/span><\/a><h2 class=\"entry-title\"><a href=\"https:\/\/www.impression-these.com\/blog\/pdf-a-vs-pdf-standard-depot-these\/\">PDF\/A vs PDF standard : le format qu&rsquo;exigent les biblioth\u00e8ques universitaires<\/a><\/h2><p class=\"post-meta\"><\/p><div class=\"post-content\"><div class=\"post-content-inner\"><\/div><\/div><\/article><\/div><\/div><\/div>\n<\/div>\n\n<div class=\"et_pb_column_3 et_pb_column et-last-child et_flex_column et_pb_css_mix_blend_mode_passthrough et_flex_column_2_5 et_flex_column_2_5_tablet et_flex_column_24_24_phone\">\n<div class=\"et_pb_blog_1 et_pb_blog et_pb_bg_layout_light et_pb_posts et_pb_module\"><div class=\"et_pb_ajax_pagination_container\"><div class=\"et_pb_posts et_block_module\"><article class=\"et_pb_post et_pb_post_id_164 clearfix et_pb_blog_item_1_0 post-164 post type-post status-publish format-standard has-post-thumbnail hentry category-conseils\"><a href=\"https:\/\/www.impression-these.com\/blog\/erreurs-mise-en-page-these-jurys-detestent\/\" class=\"entry-featured-image-url\"><img loading=\"lazy\" decoding=\"async\" src=\"https:\/\/www.impression-these.com\/blog\/wp-content\/uploads\/2026\/04\/erreurs-mise-en-page-these-hero.jpg\" width=\"1080\" height=\"675\" alt=\"5 erreurs de mise en page que les jurys de th\u00e8se d\u00e9testent (et comment les corriger)\" class=\"et_pb_post_main_image\" \/><span data-icon=\"\ue050\" class=\"et_overlay et_pb_inline_icon\"><\/span><\/a><h2 class=\"entry-title\"><a href=\"https:\/\/www.impression-these.com\/blog\/erreurs-mise-en-page-these-jurys-detestent\/\">5 erreurs de mise en page que les jurys de th\u00e8se d\u00e9testent (et comment les corriger)<\/a><\/h2><p class=\"post-meta\"><\/p><div class=\"post-content\"><div class=\"post-content-inner\"><\/div><\/div><\/article><article class=\"et_pb_post et_pb_post_id_149 clearfix et_pb_blog_item_1_1 post-149 post type-post status-publish format-standard has-post-thumbnail hentry category-conseils\"><a href=\"https:\/\/www.impression-these.com\/blog\/combien-exemplaires-these-imprimer-2026\/\" class=\"entry-featured-image-url\"><img loading=\"lazy\" decoding=\"async\" src=\"https:\/\/www.impression-these.com\/blog\/wp-content\/uploads\/2026\/04\/exemplaires-these-2026-hero.jpg\" width=\"1080\" height=\"675\" alt=\"Combien d&rsquo;exemplaires de votre th\u00e8se faut-il imprimer en 2026 ?\" class=\"et_pb_post_main_image\" \/><span data-icon=\"\ue050\" class=\"et_overlay et_pb_inline_icon\"><\/span><\/a><h2 class=\"entry-title\"><a href=\"https:\/\/www.impression-these.com\/blog\/combien-exemplaires-these-imprimer-2026\/\">Combien d&rsquo;exemplaires de votre th\u00e8se faut-il imprimer en 2026 ?<\/a><\/h2><p class=\"post-meta\"><\/p><div class=\"post-content\"><div class=\"post-content-inner\"><\/div><\/div><\/article><\/div><\/div><\/div>\n<\/div>\n<\/div>\n\n<div class=\"et_pb_row_3 et_pb_row et_flex_row\">\n<div class=\"et_pb_column_4 et_pb_column et-last-child et_flex_column et_pb_css_mix_blend_mode_passthrough et_flex_column_24_24 et_flex_column_24_24_tablet et_flex_column_24_24_phone\">\n<div class=\"et_pb_text_1 et_pb_text et_pb_bg_layout_light et_pb_module et_flex_module\"><div class=\"et_pb_text_inner\"><h2 style=\"text-align: center;\">Le reste de l&rsquo;actu&#8230;<\/h2>\n<\/div><\/div>\n\n<div class=\"et_pb_blog_2 et_pb_blog et_pb_bg_layout_light et_pb_posts et_pb_module\"><div class=\"et_pb_ajax_pagination_container\"><div class=\"et_pb_posts et_grid_module\"><article class=\"et_pb_post et_pb_post_id_115 clearfix et_pb_blog_item_2_0 post-115 post type-post status-publish format-standard has-post-thumbnail hentry category-conseils\"><div class=\"et_pb_image_container\"><a href=\"https:\/\/www.impression-these.com\/blog\/comment-relire-efficacement-sa-these-avant-impression\/\" class=\"entry-featured-image-url\"><img loading=\"lazy\" decoding=\"async\" src=\"https:\/\/www.impression-these.com\/blog\/wp-content\/uploads\/2026\/03\/Comment-relire-efficacement-sa-these-avant-impression.jpg\" width=\"400\" height=\"284\" alt=\"Comment relire efficacement sa th\u00e8se avant impression\" class=\"\" srcset=\"https:\/\/www.impression-these.com\/blog\/wp-content\/uploads\/2026\/03\/Comment-relire-efficacement-sa-these-avant-impression.jpg 479w, https:\/\/www.impression-these.com\/blog\/wp-content\/uploads\/2026\/03\/Comment-relire-efficacement-sa-these-avant-impression-400x284.jpg 480w\" sizes=\"(max-width:479px) 479px, 100vw\" \/><span data-icon=\"\ue050\" class=\"et_overlay et_pb_inline_icon\"><\/span><\/a><\/div><h2 class=\"entry-title\"><a href=\"https:\/\/www.impression-these.com\/blog\/comment-relire-efficacement-sa-these-avant-impression\/\">Comment relire efficacement sa th\u00e8se avant impression<\/a><\/h2><p class=\"post-meta\"><\/p><div class=\"post-content\"><div class=\"post-content-inner\"><\/div><\/div><\/article><article class=\"et_pb_post et_pb_post_id_123 clearfix et_pb_blog_item_2_1 post-123 post type-post status-publish format-standard has-post-thumbnail hentry category-conseils\"><div class=\"et_pb_image_container\"><a href=\"https:\/\/www.impression-these.com\/blog\/nos-meilleurs-astuces-pour-finir-son-memoire-rapidement-et-sereinement\/\" class=\"entry-featured-image-url\"><img loading=\"lazy\" decoding=\"async\" src=\"https:\/\/www.impression-these.com\/blog\/wp-content\/uploads\/2026\/02\/Nos-meilleurs-astuces-pour-finir-son-memoire-rapidement-et-sereinement-scaled.jpg\" width=\"400\" height=\"284\" alt=\"Nos meilleurs astuces pour finir son m\u00e9moire rapidement et sereinement\" class=\"\" srcset=\"https:\/\/www.impression-these.com\/blog\/wp-content\/uploads\/2026\/02\/Nos-meilleurs-astuces-pour-finir-son-memoire-rapidement-et-sereinement-scaled.jpg 479w, https:\/\/www.impression-these.com\/blog\/wp-content\/uploads\/2026\/02\/Nos-meilleurs-astuces-pour-finir-son-memoire-rapidement-et-sereinement-400x284.jpg 480w\" sizes=\"(max-width:479px) 479px, 100vw\" \/><span data-icon=\"\ue050\" class=\"et_overlay et_pb_inline_icon\"><\/span><\/a><\/div><h2 class=\"entry-title\"><a href=\"https:\/\/www.impression-these.com\/blog\/nos-meilleurs-astuces-pour-finir-son-memoire-rapidement-et-sereinement\/\">Nos meilleurs astuces pour finir son m\u00e9moire rapidement et sereinement<\/a><\/h2><p class=\"post-meta\"><\/p><div class=\"post-content\"><div class=\"post-content-inner\"><\/div><\/div><\/article><article class=\"et_pb_post et_pb_post_id_127 clearfix et_pb_blog_item_2_2 post-127 post type-post status-publish format-standard has-post-thumbnail hentry category-conseils\"><div class=\"et_pb_image_container\"><a href=\"https:\/\/www.impression-these.com\/blog\/quel-papier-choisir-pour-limpression-de-sa-these\/\" class=\"entry-featured-image-url\"><img loading=\"lazy\" decoding=\"async\" src=\"https:\/\/www.impression-these.com\/blog\/wp-content\/uploads\/2026\/03\/Quel-papier-choisir-pour-limpression-de-sa-these.jpg\" width=\"400\" height=\"284\" alt=\"Quel papier choisir pour l&rsquo;impression de sa th\u00e8se ?\" class=\"\" srcset=\"https:\/\/www.impression-these.com\/blog\/wp-content\/uploads\/2026\/03\/Quel-papier-choisir-pour-limpression-de-sa-these.jpg 479w, https:\/\/www.impression-these.com\/blog\/wp-content\/uploads\/2026\/03\/Quel-papier-choisir-pour-limpression-de-sa-these-400x284.jpg 480w\" sizes=\"(max-width:479px) 479px, 100vw\" \/><span data-icon=\"\ue050\" class=\"et_overlay et_pb_inline_icon\"><\/span><\/a><\/div><h2 class=\"entry-title\"><a href=\"https:\/\/www.impression-these.com\/blog\/quel-papier-choisir-pour-limpression-de-sa-these\/\">Quel papier choisir pour l&rsquo;impression de sa th\u00e8se ?<\/a><\/h2><p class=\"post-meta\"><\/p><div class=\"post-content\"><div class=\"post-content-inner\"><\/div><\/div><\/article><article class=\"et_pb_post et_pb_post_id_119 clearfix et_pb_blog_item_2_3 post-119 post type-post status-publish format-standard has-post-thumbnail hentry category-conseils\"><div class=\"et_pb_image_container\"><a href=\"https:\/\/www.impression-these.com\/blog\/checklist-impression-these-securisez-votre-pdf-final\/\" class=\"entry-featured-image-url\"><img loading=\"lazy\" decoding=\"async\" src=\"https:\/\/www.impression-these.com\/blog\/wp-content\/uploads\/2026\/03\/Checklist-impression-these-securisez-votre-PDF-final.jpg\" width=\"400\" height=\"284\" alt=\"Checklist impression th\u00e8se : s\u00e9curisez votre PDF final\" class=\"\" srcset=\"https:\/\/www.impression-these.com\/blog\/wp-content\/uploads\/2026\/03\/Checklist-impression-these-securisez-votre-PDF-final.jpg 479w, https:\/\/www.impression-these.com\/blog\/wp-content\/uploads\/2026\/03\/Checklist-impression-these-securisez-votre-PDF-final-400x284.jpg 480w\" sizes=\"(max-width:479px) 479px, 100vw\" \/><span data-icon=\"\ue050\" class=\"et_overlay et_pb_inline_icon\"><\/span><\/a><\/div><h2 class=\"entry-title\"><a href=\"https:\/\/www.impression-these.com\/blog\/checklist-impression-these-securisez-votre-pdf-final\/\">Checklist impression th\u00e8se : s\u00e9curisez votre PDF final<\/a><\/h2><p class=\"post-meta\"><\/p><div class=\"post-content\"><div class=\"post-content-inner\"><\/div><\/div><\/article><article class=\"et_pb_post et_pb_post_id_49 clearfix et_pb_blog_item_2_4 post-49 post type-post status-publish format-standard has-post-thumbnail hentry category-conseils\"><div class=\"et_pb_image_container\"><a href=\"https:\/\/www.impression-these.com\/blog\/guide-de-la-mise-en-page-apa-chicago-iso-et-preparation-a-limpression\/\" class=\"entry-featured-image-url\"><img loading=\"lazy\" decoding=\"async\" src=\"https:\/\/www.impression-these.com\/blog\/wp-content\/uploads\/2025\/12\/IT-These-08-scaled.jpg\" width=\"400\" height=\"284\" alt=\"Guide de la mise en page : APA, Chicago, ISO et pr\u00e9paration \u00e0 l&rsquo;impression\" class=\"\" srcset=\"https:\/\/www.impression-these.com\/blog\/wp-content\/uploads\/2025\/12\/IT-These-08-scaled.jpg 479w, https:\/\/www.impression-these.com\/blog\/wp-content\/uploads\/2025\/12\/IT-These-08-400x284.jpg 480w\" sizes=\"(max-width:479px) 479px, 100vw\" \/><span data-icon=\"\ue050\" class=\"et_overlay et_pb_inline_icon\"><\/span><\/a><\/div><h2 class=\"entry-title\"><a href=\"https:\/\/www.impression-these.com\/blog\/guide-de-la-mise-en-page-apa-chicago-iso-et-preparation-a-limpression\/\">Guide de la mise en page : APA, Chicago, ISO et pr\u00e9paration \u00e0 l&rsquo;impression<\/a><\/h2><p class=\"post-meta\"><\/p><div class=\"post-content\"><div class=\"post-content-inner\"><\/div><\/div><\/article><article class=\"et_pb_post et_pb_post_id_28 clearfix et_pb_blog_item_2_5 post-28 post type-post status-publish format-standard has-post-thumbnail hentry category-conseils\"><div class=\"et_pb_image_container\"><a href=\"https:\/\/www.impression-these.com\/blog\/comment-relier-une-these-spirale-thermocollee-ou-dos-carre\/\" class=\"entry-featured-image-url\"><img loading=\"lazy\" decoding=\"async\" src=\"https:\/\/www.impression-these.com\/blog\/wp-content\/uploads\/2025\/12\/Comment-relier-une-these-spirale-thermocollee-ou-dos-carre-scaled.png\" width=\"400\" height=\"284\" alt=\"Comment relier une th\u00e8se : spirale, thermocoll\u00e9e ou dos carr\u00e9 ?\" class=\"\" srcset=\"https:\/\/www.impression-these.com\/blog\/wp-content\/uploads\/2025\/12\/Comment-relier-une-these-spirale-thermocollee-ou-dos-carre-scaled.png 479w, https:\/\/www.impression-these.com\/blog\/wp-content\/uploads\/2025\/12\/Comment-relier-une-these-spirale-thermocollee-ou-dos-carre-400x284.png 480w\" sizes=\"(max-width:479px) 479px, 100vw\" \/><span data-icon=\"\ue050\" class=\"et_overlay et_pb_inline_icon\"><\/span><\/a><\/div><h2 class=\"entry-title\"><a href=\"https:\/\/www.impression-these.com\/blog\/comment-relier-une-these-spirale-thermocollee-ou-dos-carre\/\">Comment relier une th\u00e8se : spirale, thermocoll\u00e9e ou dos carr\u00e9 ?<\/a><\/h2><p class=\"post-meta\"><\/p><div class=\"post-content\"><div class=\"post-content-inner\"><\/div><\/div><\/article><\/div><\/div><\/div>\n<\/div>\n<\/div>\n<\/div>","protected":false},"excerpt":{"rendered":"","protected":false},"author":2,"featured_media":0,"parent":0,"menu_order":0,"comment_status":"closed","ping_status":"closed","template":"","meta":{"_seopress_robots_primary_cat":"","_seopress_titles_title":"","_seopress_titles_desc":"","_seopress_robots_index":"","footnotes":""},"class_list":["post-16","page","type-page","status-publish","hentry"],"_links":{"self":[{"href":"https:\/\/www.impression-these.com\/blog\/wp-json\/wp\/v2\/pages\/16","targetHints":{"allow":["GET"]}}],"collection":[{"href":"https:\/\/www.impression-these.com\/blog\/wp-json\/wp\/v2\/pages"}],"about":[{"href":"https:\/\/www.impression-these.com\/blog\/wp-json\/wp\/v2\/types\/page"}],"author":[{"embeddable":true,"href":"https:\/\/www.impression-these.com\/blog\/wp-json\/wp\/v2\/users\/2"}],"replies":[{"embeddable":true,"href":"https:\/\/www.impression-these.com\/blog\/wp-json\/wp\/v2\/comments?post=16"}],"version-history":[{"count":14,"href":"https:\/\/www.impression-these.com\/blog\/wp-json\/wp\/v2\/pages\/16\/revisions"}],"predecessor-version":[{"id":109,"href":"https:\/\/www.impression-these.com\/blog\/wp-json\/wp\/v2\/pages\/16\/revisions\/109"}],"wp:attachment":[{"href":"https:\/\/www.impression-these.com\/blog\/wp-json\/wp\/v2\/media?parent=16"}],"curies":[{"name":"wp","href":"https:\/\/api.w.org\/{rel}","templated":true}]}}